







{"id":13999,"date":"2022-11-07T09:33:46","date_gmt":"2022-11-07T09:33:46","guid":{"rendered":"https:\/\/martensuniversity.com\/bridge-warm-up\/fr\/affiliate-area\/"},"modified":"2022-12-07T18:24:17","modified_gmt":"2022-12-07T18:24:17","slug":"affiliate-area","status":"publish","type":"page","link":"https:\/\/martensuniversity.com\/bridge-warm-up\/fr\/affiliate-area\/","title":{"rendered":"Affiliate Area"},"content":{"rendered":"<h2>Gagnez un revenu passif en vendant nos cours en ligne<\/h2>\n<h3>\u00c9tape 1 &#8211; Cr\u00e9er un compte affili\u00e9<\/h3>\n<p>Cr\u00e9ez un compte pour commencer \u00e0 cr\u00e9er votre revenu passif.<\/p>\n<p><strong>Le nom d&#8217;utilisateur de votre compte est \u00e9galement un code de r\u00e9duction de 50%.<\/strong><\/p>\n<p>Vous pouvez le dire \u00e0 votre public et augmenter vos ventes.<br \/>\nChoisissez judicieusement le nom d&#8217;utilisateur de votre compte affili\u00e9, afin de pouvoir l&#8217;utiliser comme code de coupon.<br \/>\nLe coupon offre \u00e0 vos clients une r\u00e9duction de 50 % sur tous les cours.<br \/>\nLe code est r\u00e9utilisable et n&#8217;expire jamais.<\/p>\n<p><a href=\"https:\/\/somup.com\/c3XejGvkbk\" target=\"_blank\" rel=\"noopener\">Comment cr\u00e9er un compte affili\u00e9 &#8211; Tutoriel vid\u00e9o<\/a><\/p>\n<h3>\u00c9tape 2 &#8211; Copiez un lien de parrainage et placez-le sur votre site Web<\/h3>\n<p>Un lien de parrainage est n\u00e9cessaire pour suivre toutes vos ventes.<br \/>\nVous pouvez l&#8217;utiliser tel quel ou l&#8217;ajouter \u00e0 une banni\u00e8re publicitaire.<br \/>\nTout ce qui fonctionne pour vous.<\/p>\n<p><a href=\"https:\/\/screencast-o-matic.com\/watch\/c36ulaVuZa3\" target=\"_blank\" rel=\"noopener\"> O\u00f9 trouver un lien de parrainage &#8211; Tutoriel vid\u00e9o<\/a><\/p>\n<h3>\u00c9tape 3 &#8211; V\u00e9rifiez vos revenus<\/h3>\n<p>Vous obtenez 33% de chaque cours vendu via votre lien de parrainage.<br \/>\nVous pouvez v\u00e9rifier vos revenus dans la section revenus de votre compte affili\u00e9.<br \/>\nSi le cours est vendu \u00e0 un prix promotionnel, votre commission sera de 33% du prix promotionnel.<\/p>\n<p><a href=\"https:\/\/screencast-o-matic.com\/watch\/c36ulzVuZav\" target=\"_blank\" rel=\"noopener\">Comment v\u00e9rifier mes revenus &#8211; tutoriel vid\u00e9o<\/a><\/p>\n<h3>\u00c9tape 4 &#8211; Recevez vos revenus par virement bancaire ou Paypal<\/h3>\n<p>Remplissez votre num\u00e9ro de compte ou l&#8217;email de votre compte paypal dans la section de votre profil.<br \/>\nLa commission que vous gagnez peut \u00eatre pay\u00e9e apr\u00e8s avoir vendu au moins 4 cours.<br \/>\nVous recevrez des virements sur ce compte sur demande.<\/p>\n<p><a href=\"https:\/\/screencast-o-matic.com\/watch\/c36ulBVuZa7\" target=\"_blank\" rel=\"noopener\">Comment remplir les informations de paiement &#8211; Tutoriel vid\u00e9o<\/a><br \/>\n<div class=\"affiliates-dashboard\">\n\t\t<div class=\"affiliates-dashboard-sections\">\n\t\t\t<div class=\"affiliates-dashboard-section-links\">\n\t\t\t\t\t\t\t<div class='section-link-item login active'>\n\t\t\t\t\t<a href=\"https:\/\/martensuniversity.com\/bridge-warm-up\/fr\/wp-json\/wp\/v2\/pages\/13999?affiliates-dashboard-section=login\">Login<\/a>\n\t\t\t\t<\/div>\n\t\t\t\t\t\t\t\t<div class='section-link-item registration '>\n\t\t\t\t\t<a href=\"https:\/\/martensuniversity.com\/bridge-warm-up\/fr\/wp-json\/wp\/v2\/pages\/13999?affiliates-dashboard-section=registration\">Enregistrement<\/a>\n\t\t\t\t<\/div>\n\t\t\t\t\t\t<\/div>\n\t\t\t\t<div class='affiliates-dashboard-section login'>\n\t\t\t\t<h2>Login<\/h2>\n\t<div class=\"dashboard-section dashboard-section-login\">\n\t\t<p>Veuillez vous connecter pour acc\u00e9der \u00e0 l&#039;espace affili\u00e9.<\/p>\n\t\t<form name=\"loginform\" id=\"loginform\" action=\"https:\/\/martensuniversity.com\/bridge-warm-up\/fr\/wp-login.php\" method=\"post\"><input id=\"learndash-login-form\" type=\"hidden\" name=\"learndash-login-form\" value=\"ca423d070f\" \/><p class=\"login-username\">\n\t\t\t\t<label for=\"user_login\">Adresse e-mail<\/label>\n\t\t\t\t<input type=\"text\" name=\"log\" id=\"user_login\" autocomplete=\"username\" class=\"input\" value=\"\" size=\"20\" \/>\n\t\t\t<\/p><p class=\"login-password\">\n\t\t\t\t<label for=\"user_pass\">Mot de passe<\/label>\n\t\t\t\t<input type=\"password\" name=\"pwd\" id=\"user_pass\" autocomplete=\"current-password\" class=\"input\" value=\"\" size=\"20\" \/>\n\t\t\t<\/p><p class=\"login-remember\"><label><input name=\"rememberme\" type=\"checkbox\" id=\"rememberme\" value=\"forever\" \/> Se souvenir de moi<\/label><\/p><p class=\"login-submit\">\n\t\t\t\t<input type=\"submit\" name=\"wp-submit\" id=\"wp-submit\" class=\"button button-primary\" value=\"Se connecter\" \/>\n\t\t\t\t<input type=\"hidden\" name=\"redirect_to\" value=\"https:\/\/martensuniversity.com\/bridge-warm-up\/fr\/affiliate-area\/\" \/>\n\t\t\t<\/p><\/form>\t<\/div>\n<style type=\"text\/css\">\n\t.dashboard-section-login .login-username label,\n\t.dashboard-section-login .login-password label {\n\t\tdisplay: block;\n\t}\n\t.dashboard-section-login .login-username input,\n\t.dashboard-section-login .login-password input {\n\t\tmax-width: 100%;\n\t\twidth: 320px;\n\t}\n<\/style>\n\t\t<\/div>\n\t\t\t<\/div>\n\t<\/div><style type=\"text\/css\">\n.affiliates-dashboard-section-links {\n\tdisplay: flex;\n\tflex-wrap: wrap;\n\ttext-align: center;\n\tbackground-color: #f2f2f2;\n\tborder-radius: 4px;\n\tmargin: 4px;\n}\n.affiliates-dashboard-section-links .section-link-item {\n\tflex-grow: 1;\n\tcursor:\u00a0pointer;\n\tborder-bottom: 4px solid #9e9e9e;\n}\n.affiliates-dashboard-section-links .section-link-item a {\n\ttext-decoration: none;\n\tpadding: 0 0.32em;\n}\n.affiliates-dashboard-section-links .section-link-item.active {\n\tfont-weight: bold;\n\tbackground-color: #e0e0e0;\n\tborder-radius: 2px;\n\tborder-bottom: 4px solid #616161;\n}\n<\/style>\n<\/p>\n","protected":false},"excerpt":{"rendered":"<p>Gagnez un revenu passif en vendant nos cours en ligne \u00c9tape 1 &#8211; Cr\u00e9er un compte affili\u00e9 Cr\u00e9ez un compte pour commencer \u00e0 cr\u00e9er votre&hellip;<\/p>\n","protected":false},"author":1,"featured_media":0,"parent":0,"menu_order":0,"comment_status":"closed","ping_status":"closed","template":"","meta":[],"yoast_head":"<!-- This site is optimized with the Yoast SEO plugin v19.2 - https:\/\/yoast.com\/wordpress\/plugins\/seo\/ -->\n<title>Affiliate Area - Krzysztof Martens Bridge University<\/title>\n<meta name=\"robots\" content=\"index, follow, max-snippet:-1, max-image-preview:large, max-video-preview:-1\" \/>\n<link rel=\"canonical\" href=\"https:\/\/martensuniversity.com\/bridge-warm-up\/fr\/affiliate-area\/\" \/>\n<meta property=\"og:locale\" content=\"fr_FR\" \/>\n<meta property=\"og:type\" content=\"article\" \/>\n<meta property=\"og:title\" content=\"Affiliate Area - Krzysztof Martens Bridge University\" \/>\n<meta property=\"og:description\" content=\"Gagnez un revenu passif en vendant nos cours en ligne \u00c9tape 1 &#8211; Cr\u00e9er un compte affili\u00e9 Cr\u00e9ez un compte pour commencer \u00e0 cr\u00e9er votre&hellip;\" \/>\n<meta property=\"og:url\" content=\"https:\/\/martensuniversity.com\/bridge-warm-up\/fr\/affiliate-area\/\" \/>\n<meta property=\"og:site_name\" content=\"Krzysztof Martens Bridge University\" \/>\n<meta property=\"article:modified_time\" content=\"2022-12-07T18:24:17+00:00\" \/>\n<meta name=\"author\" content=\"Dawid\" \/>\n<meta name=\"twitter:card\" content=\"summary_large_image\" \/>\n<meta name=\"twitter:label1\" content=\"Dur\u00e9e de lecture estim\u00e9e\" \/>\n\t<meta name=\"twitter:data1\" content=\"2 minutes\" \/>\n<script type=\"application\/ld+json\" class=\"yoast-schema-graph\">{\"@context\":\"https:\/\/schema.org\",\"@graph\":[{\"@type\":\"WebSite\",\"@id\":\"https:\/\/martensuniversity.com\/bridge-warm-up\/fr\/#website\",\"url\":\"https:\/\/martensuniversity.com\/bridge-warm-up\/fr\/\",\"name\":\"Krzysztof Martens Bridge University\",\"description\":\"Bridge Intellectual\",\"potentialAction\":[{\"@type\":\"SearchAction\",\"target\":{\"@type\":\"EntryPoint\",\"urlTemplate\":\"https:\/\/martensuniversity.com\/bridge-warm-up\/fr\/?s={search_term_string}\"},\"query-input\":\"required name=search_term_string\"}],\"inLanguage\":\"fr-FR\"},{\"@type\":\"WebPage\",\"@id\":\"https:\/\/martensuniversity.com\/bridge-warm-up\/fr\/affiliate-area\/#webpage\",\"url\":\"https:\/\/martensuniversity.com\/bridge-warm-up\/fr\/affiliate-area\/\",\"name\":\"Affiliate Area - Krzysztof Martens Bridge University\",\"isPartOf\":{\"@id\":\"https:\/\/martensuniversity.com\/bridge-warm-up\/fr\/#website\"},\"datePublished\":\"2022-11-07T09:33:46+00:00\",\"dateModified\":\"2022-12-07T18:24:17+00:00\",\"breadcrumb\":{\"@id\":\"https:\/\/martensuniversity.com\/bridge-warm-up\/fr\/affiliate-area\/#breadcrumb\"},\"inLanguage\":\"fr-FR\",\"potentialAction\":[{\"@type\":\"ReadAction\",\"target\":[\"https:\/\/martensuniversity.com\/bridge-warm-up\/fr\/affiliate-area\/\"]}]},{\"@type\":\"BreadcrumbList\",\"@id\":\"https:\/\/martensuniversity.com\/bridge-warm-up\/fr\/affiliate-area\/#breadcrumb\",\"itemListElement\":[{\"@type\":\"ListItem\",\"position\":1,\"name\":\"Home\",\"item\":\"https:\/\/martensuniversity.com\/bridge-warm-up\/fr\/\"},{\"@type\":\"ListItem\",\"position\":2,\"name\":\"Affiliate Area\"}]}]}<\/script>\n<!-- \/ Yoast SEO plugin. -->","yoast_head_json":{"title":"Affiliate Area - Krzysztof Martens Bridge University","robots":{"index":"index","follow":"follow","max-snippet":"max-snippet:-1","max-image-preview":"max-image-preview:large","max-video-preview":"max-video-preview:-1"},"canonical":"https:\/\/martensuniversity.com\/bridge-warm-up\/fr\/affiliate-area\/","og_locale":"fr_FR","og_type":"article","og_title":"Affiliate Area - Krzysztof Martens Bridge University","og_description":"Gagnez un revenu passif en vendant nos cours en ligne \u00c9tape 1 &#8211; Cr\u00e9er un compte affili\u00e9 Cr\u00e9ez un compte pour commencer \u00e0 cr\u00e9er votre&hellip;","og_url":"https:\/\/martensuniversity.com\/bridge-warm-up\/fr\/affiliate-area\/","og_site_name":"Krzysztof Martens Bridge University","article_modified_time":"2022-12-07T18:24:17+00:00","author":"Dawid","twitter_card":"summary_large_image","twitter_misc":{"Dur\u00e9e de lecture estim\u00e9e":"2 minutes"},"schema":{"@context":"https:\/\/schema.org","@graph":[{"@type":"WebSite","@id":"https:\/\/martensuniversity.com\/bridge-warm-up\/fr\/#website","url":"https:\/\/martensuniversity.com\/bridge-warm-up\/fr\/","name":"Krzysztof Martens Bridge University","description":"Bridge Intellectual","potentialAction":[{"@type":"SearchAction","target":{"@type":"EntryPoint","urlTemplate":"https:\/\/martensuniversity.com\/bridge-warm-up\/fr\/?s={search_term_string}"},"query-input":"required name=search_term_string"}],"inLanguage":"fr-FR"},{"@type":"WebPage","@id":"https:\/\/martensuniversity.com\/bridge-warm-up\/fr\/affiliate-area\/#webpage","url":"https:\/\/martensuniversity.com\/bridge-warm-up\/fr\/affiliate-area\/","name":"Affiliate Area - Krzysztof Martens Bridge University","isPartOf":{"@id":"https:\/\/martensuniversity.com\/bridge-warm-up\/fr\/#website"},"datePublished":"2022-11-07T09:33:46+00:00","dateModified":"2022-12-07T18:24:17+00:00","breadcrumb":{"@id":"https:\/\/martensuniversity.com\/bridge-warm-up\/fr\/affiliate-area\/#breadcrumb"},"inLanguage":"fr-FR","potentialAction":[{"@type":"ReadAction","target":["https:\/\/martensuniversity.com\/bridge-warm-up\/fr\/affiliate-area\/"]}]},{"@type":"BreadcrumbList","@id":"https:\/\/martensuniversity.com\/bridge-warm-up\/fr\/affiliate-area\/#breadcrumb","itemListElement":[{"@type":"ListItem","position":1,"name":"Home","item":"https:\/\/martensuniversity.com\/bridge-warm-up\/fr\/"},{"@type":"ListItem","position":2,"name":"Affiliate Area"}]}]}},"_links":{"self":[{"href":"https:\/\/martensuniversity.com\/bridge-warm-up\/fr\/wp-json\/wp\/v2\/pages\/13999"}],"collection":[{"href":"https:\/\/martensuniversity.com\/bridge-warm-up\/fr\/wp-json\/wp\/v2\/pages"}],"about":[{"href":"https:\/\/martensuniversity.com\/bridge-warm-up\/fr\/wp-json\/wp\/v2\/types\/page"}],"author":[{"embeddable":true,"href":"https:\/\/martensuniversity.com\/bridge-warm-up\/fr\/wp-json\/wp\/v2\/users\/1"}],"replies":[{"embeddable":true,"href":"https:\/\/martensuniversity.com\/bridge-warm-up\/fr\/wp-json\/wp\/v2\/comments?post=13999"}],"version-history":[{"count":7,"href":"https:\/\/martensuniversity.com\/bridge-warm-up\/fr\/wp-json\/wp\/v2\/pages\/13999\/revisions"}],"predecessor-version":[{"id":14915,"href":"https:\/\/martensuniversity.com\/bridge-warm-up\/fr\/wp-json\/wp\/v2\/pages\/13999\/revisions\/14915"}],"wp:attachment":[{"href":"https:\/\/martensuniversity.com\/bridge-warm-up\/fr\/wp-json\/wp\/v2\/media?parent=13999"}],"curies":[{"name":"wp","href":"https:\/\/api.w.org\/{rel}","templated":true}]}}