







{"id":2647,"date":"2022-05-04T07:54:58","date_gmt":"2022-05-04T07:54:58","guid":{"rendered":"https:\/\/martensuniversity.com\/bridge-warm-up\/fr\/?page_id=2647"},"modified":"2023-07-31T17:23:02","modified_gmt":"2023-07-31T17:23:02","slug":"contact","status":"publish","type":"page","link":"https:\/\/martensuniversity.com\/bridge-warm-up\/fr\/contact\/","title":{"rendered":"Contact"},"content":{"rendered":"\t\t<div data-elementor-type=\"wp-page\" data-elementor-id=\"2647\" class=\"elementor elementor-2647\">\n\t\t\t\t\t\t\t\t\t<section class=\"elementor-section elementor-top-section elementor-element elementor-element-d92b1c7 elementor-section-boxed elementor-section-height-default elementor-section-height-default\" data-id=\"d92b1c7\" data-element_type=\"section\">\n\t\t\t\t\t\t<div class=\"elementor-container elementor-column-gap-default\">\n\t\t\t\t\t<div class=\"elementor-column elementor-col-100 elementor-top-column elementor-element elementor-element-39d317a\" data-id=\"39d317a\" data-element_type=\"column\">\n\t\t\t<div class=\"elementor-widget-wrap elementor-element-populated\">\n\t\t\t\t\t\t\t\t<section class=\"elementor-section elementor-inner-section elementor-element elementor-element-98eff70 elementor-section-boxed elementor-section-height-default elementor-section-height-default\" data-id=\"98eff70\" data-element_type=\"section\">\n\t\t\t\t\t\t<div class=\"elementor-container elementor-column-gap-default\">\n\t\t\t\t\t<div class=\"elementor-column elementor-col-50 elementor-inner-column elementor-element elementor-element-2bab9a3\" data-id=\"2bab9a3\" data-element_type=\"column\">\n\t\t\t<div class=\"elementor-widget-wrap elementor-element-populated\">\n\t\t\t\t\t\t\t\t<div class=\"elementor-element elementor-element-df90370 elementor-widget elementor-widget-heading\" data-id=\"df90370\" data-element_type=\"widget\" data-widget_type=\"heading.default\">\n\t\t\t\t<div class=\"elementor-widget-container\">\n\t\t\t<style>\/*! elementor - v3.6.6 - 08-06-2022 *\/\n.elementor-heading-title{padding:0;margin:0;line-height:1}.elementor-widget-heading .elementor-heading-title[class*=elementor-size-]>a{color:inherit;font-size:inherit;line-height:inherit}.elementor-widget-heading .elementor-heading-title.elementor-size-small{font-size:15px}.elementor-widget-heading .elementor-heading-title.elementor-size-medium{font-size:19px}.elementor-widget-heading .elementor-heading-title.elementor-size-large{font-size:29px}.elementor-widget-heading .elementor-heading-title.elementor-size-xl{font-size:39px}.elementor-widget-heading .elementor-heading-title.elementor-size-xxl{font-size:59px}<\/style><h2 class=\"elementor-heading-title elementor-size-default\">N'h\u00e9sitez pas \u00e0 nous contacter<\/h2>\t\t<\/div>\n\t\t\t\t<\/div>\n\t\t\t\t<div class=\"elementor-element elementor-element-0ae678f contact__address elementor-widget elementor-widget-text-editor\" data-id=\"0ae678f\" data-element_type=\"widget\" data-widget_type=\"text-editor.default\">\n\t\t\t\t<div class=\"elementor-widget-container\">\n\t\t\t<style>\/*! elementor - v3.6.6 - 08-06-2022 *\/\n.elementor-widget-text-editor.elementor-drop-cap-view-stacked .elementor-drop-cap{background-color:#818a91;color:#fff}.elementor-widget-text-editor.elementor-drop-cap-view-framed .elementor-drop-cap{color:#818a91;border:3px solid;background-color:transparent}.elementor-widget-text-editor:not(.elementor-drop-cap-view-default) .elementor-drop-cap{margin-top:8px}.elementor-widget-text-editor:not(.elementor-drop-cap-view-default) .elementor-drop-cap-letter{width:1em;height:1em}.elementor-widget-text-editor .elementor-drop-cap{float:left;text-align:center;line-height:1;font-size:50px}.elementor-widget-text-editor .elementor-drop-cap-letter{display:inline-block}<\/style>\t\t\t\t<p>Krzysztof Martens<\/p><p>Bridge University<\/p><p>\u00a0<\/p><p>Stefana Batorego 26,<\/p><p>35-111 Rzesz\u00f3w<\/p><p>Poland<\/p><p><a href=\"https:\/\/www.facebook.com\/martensuniversity\/\" target=\"blank\" rel=\"noreferrer\"><br \/><img style=\"width: 40px; height: 40px; margin-left: -10px;\" src=\"\/bridge-warm-up\/fr\/wp-content\/uploads\/2023\/07\/facebook-logo-facebook-icon-transparent-free-png.png\" alt=\"socialmedia link\" \/><br \/><\/a><\/p>\t\t\t\t\t\t<\/div>\n\t\t\t\t<\/div>\n\t\t\t\t\t<\/div>\n\t\t<\/div>\n\t\t\t\t<div class=\"elementor-column elementor-col-50 elementor-inner-column elementor-element elementor-element-1682c14\" data-id=\"1682c14\" data-element_type=\"column\">\n\t\t\t<div class=\"elementor-widget-wrap elementor-element-populated\">\n\t\t\t\t\t\t\t\t<div class=\"elementor-element elementor-element-bd052d9 elementor-widget elementor-widget-heading\" data-id=\"bd052d9\" data-element_type=\"widget\" data-widget_type=\"heading.default\">\n\t\t\t\t<div class=\"elementor-widget-container\">\n\t\t\t<h2 class=\"elementor-heading-title elementor-size-default\">\u00c9crivez-nous un message<\/h2>\t\t<\/div>\n\t\t\t\t<\/div>\n\t\t\t\t<div class=\"elementor-element elementor-element-c9febac elementor-widget elementor-widget-text-editor\" data-id=\"c9febac\" data-element_type=\"widget\" data-widget_type=\"text-editor.default\">\n\t\t\t\t<div class=\"elementor-widget-container\">\n\t\t\t\t\t\t\t<p><div role=\"form\" class=\"wpcf7\" id=\"wpcf7-f5480-o1\" lang=\"en-US\" dir=\"ltr\">\n<div class=\"screen-reader-response\"><p role=\"status\" aria-live=\"polite\" aria-atomic=\"true\"><\/p> <ul><\/ul><\/div>\n<form action=\"\/bridge-warm-up\/fr\/wp-json\/wp\/v2\/pages\/2647#wpcf7-f5480-o1\" method=\"post\" class=\"wpcf7-form init\" novalidate=\"novalidate\" data-status=\"init\">\n<div style=\"display: none;\">\n<input type=\"hidden\" name=\"_wpcf7\" value=\"5480\" \/>\n<input type=\"hidden\" name=\"_wpcf7_version\" value=\"5.6\" \/>\n<input type=\"hidden\" name=\"_wpcf7_locale\" value=\"en_US\" \/>\n<input type=\"hidden\" name=\"_wpcf7_unit_tag\" value=\"wpcf7-f5480-o1\" \/>\n<input type=\"hidden\" name=\"_wpcf7_container_post\" value=\"0\" \/>\n<input type=\"hidden\" name=\"_wpcf7_posted_data_hash\" value=\"\" \/>\n<input type=\"hidden\" name=\"_wpcf7_recaptcha_response\" value=\"\" \/>\n<\/div>\n<p><label> <span class=\"contact__label-text\">Votre nom<\/span><br \/>\n    <span class=\"wpcf7-form-control-wrap\" data-name=\"your-name\"><input type=\"text\" name=\"your-name\" value=\"\" size=\"40\" class=\"wpcf7-form-control wpcf7-text wpcf7-validates-as-required\" aria-required=\"true\" aria-invalid=\"false\" \/><\/span> <\/label><\/p>\n<p><label> <span class=\"contact__label-text\">Votre email<\/span><br \/>\n    <span class=\"wpcf7-form-control-wrap\" data-name=\"your-email\"><input type=\"email\" name=\"your-email\" value=\"\" size=\"40\" class=\"wpcf7-form-control wpcf7-text wpcf7-email wpcf7-validates-as-required wpcf7-validates-as-email\" aria-required=\"true\" aria-invalid=\"false\" \/><\/span> <\/label><\/p>\n<p><label> <span class=\"contact__label-text\">Mati\u00e8re<\/span><br \/>\n    <span class=\"wpcf7-form-control-wrap\" data-name=\"your-subject\"><input type=\"text\" name=\"your-subject\" value=\"\" size=\"40\" class=\"wpcf7-form-control wpcf7-text wpcf7-validates-as-required\" aria-required=\"true\" aria-invalid=\"false\" \/><\/span> <\/label><\/p>\n<p><label> <span class=\"contact__label-text\">Votre message<\/span><br \/>\n    <span class=\"wpcf7-form-control-wrap\" data-name=\"your-message\"><textarea name=\"your-message\" cols=\"40\" rows=\"10\" class=\"wpcf7-form-control wpcf7-textarea\" aria-invalid=\"false\"><\/textarea><\/span> <\/label><\/p>\n<div class=\"checkbox-wrapper\">\n<span class=\"wpcf7-form-control-wrap\" data-name=\"acceptance-881\"><span class=\"wpcf7-form-control wpcf7-acceptance\"><span class=\"wpcf7-list-item\"><label><input type=\"checkbox\" name=\"acceptance-881\" value=\"1\" aria-invalid=\"false\" \/><span class=\"wpcf7-list-item-label\"><div class=\"contact__checkbox\">Je consens au traitement de mes donn\u00e9es personnelles indiqu\u00e9es ci-dessus par l&#8217;Universit\u00e9 Krzysztof Martens Bridge afin d&#8217;assurer un bon service aux utilisateurs du site Web, l&#8217;ex\u00e9cution de la commande et la communication avec les autres utilisateurs qui l&#8217;ont accept\u00e9. <a href=\"https:\/\/uihyuxmaqw.cfolks.pl\/privacy-policy\/\" target=\"blank\">(Politique de confidentialit\u00e9)<\/a> <span style=\"color:red;\"><sup>* obligatoire<\/sup><\/span><\/div>\n<p><\/span><\/label><\/span><\/span><\/span>\n<\/p><\/div>\n\n<p><input type=\"submit\" value=\"Soumettre\" class=\"wpcf7-form-control has-spinner wpcf7-submit\" \/><\/p>\n<div class=\"wpcf7-response-output\" aria-hidden=\"true\"><\/div><\/form><\/div><\/p>\t\t\t\t\t\t<\/div>\n\t\t\t\t<\/div>\n\t\t\t\t\t<\/div>\n\t\t<\/div>\n\t\t\t\t\t\t\t<\/div>\n\t\t<\/section>\n\t\t\t\t\t<\/div>\n\t\t<\/div>\n\t\t\t\t\t\t\t<\/div>\n\t\t<\/section>\n\t\t\t\t\t\t\t<\/div>\n\t\t","protected":false},"excerpt":{"rendered":"<p>N&#8217;h\u00e9sitez pas \u00e0 nous contacter Krzysztof Martens Bridge University \u00a0 Stefana Batorego 26, 35-111 Rzesz\u00f3w Poland \u00c9crivez-nous un message<\/p>\n","protected":false},"author":1,"featured_media":0,"parent":0,"menu_order":0,"comment_status":"closed","ping_status":"closed","template":"","meta":[],"yoast_head":"<!-- This site is optimized with the Yoast SEO plugin v19.2 - https:\/\/yoast.com\/wordpress\/plugins\/seo\/ -->\n<title>Contact - Krzysztof Martens Bridge University<\/title>\n<meta name=\"robots\" content=\"index, follow, max-snippet:-1, max-image-preview:large, max-video-preview:-1\" \/>\n<link rel=\"canonical\" href=\"https:\/\/martensuniversity.com\/bridge-warm-up\/fr\/contact\/\" \/>\n<meta property=\"og:locale\" content=\"fr_FR\" \/>\n<meta property=\"og:type\" content=\"article\" \/>\n<meta property=\"og:title\" content=\"Contact - Krzysztof Martens Bridge University\" \/>\n<meta property=\"og:description\" content=\"N&#8217;h\u00e9sitez pas \u00e0 nous contacter Krzysztof Martens Bridge University \u00a0 Stefana Batorego 26, 35-111 Rzesz\u00f3w Poland \u00c9crivez-nous un message\" \/>\n<meta property=\"og:url\" content=\"https:\/\/martensuniversity.com\/bridge-warm-up\/fr\/contact\/\" \/>\n<meta property=\"og:site_name\" content=\"Krzysztof Martens Bridge University\" \/>\n<meta property=\"article:modified_time\" content=\"2023-07-31T17:23:02+00:00\" \/>\n<meta name=\"author\" content=\"Dawid\" \/>\n<meta name=\"twitter:card\" content=\"summary_large_image\" \/>\n<meta name=\"twitter:label1\" content=\"Dur\u00e9e de lecture estim\u00e9e\" \/>\n\t<meta name=\"twitter:data1\" content=\"1 minute\" \/>\n<script type=\"application\/ld+json\" class=\"yoast-schema-graph\">{\"@context\":\"https:\/\/schema.org\",\"@graph\":[{\"@type\":\"WebSite\",\"@id\":\"https:\/\/martensuniversity.com\/bridge-warm-up\/fr\/#website\",\"url\":\"https:\/\/martensuniversity.com\/bridge-warm-up\/fr\/\",\"name\":\"Krzysztof Martens Bridge University\",\"description\":\"Bridge Intellectual\",\"potentialAction\":[{\"@type\":\"SearchAction\",\"target\":{\"@type\":\"EntryPoint\",\"urlTemplate\":\"https:\/\/martensuniversity.com\/bridge-warm-up\/fr\/?s={search_term_string}\"},\"query-input\":\"required name=search_term_string\"}],\"inLanguage\":\"fr-FR\"},{\"@type\":\"WebPage\",\"@id\":\"https:\/\/martensuniversity.com\/bridge-warm-up\/fr\/contact\/#webpage\",\"url\":\"https:\/\/martensuniversity.com\/bridge-warm-up\/fr\/contact\/\",\"name\":\"Contact - Krzysztof Martens Bridge University\",\"isPartOf\":{\"@id\":\"https:\/\/martensuniversity.com\/bridge-warm-up\/fr\/#website\"},\"datePublished\":\"2022-05-04T07:54:58+00:00\",\"dateModified\":\"2023-07-31T17:23:02+00:00\",\"breadcrumb\":{\"@id\":\"https:\/\/martensuniversity.com\/bridge-warm-up\/fr\/contact\/#breadcrumb\"},\"inLanguage\":\"fr-FR\",\"potentialAction\":[{\"@type\":\"ReadAction\",\"target\":[\"https:\/\/martensuniversity.com\/bridge-warm-up\/fr\/contact\/\"]}]},{\"@type\":\"BreadcrumbList\",\"@id\":\"https:\/\/martensuniversity.com\/bridge-warm-up\/fr\/contact\/#breadcrumb\",\"itemListElement\":[{\"@type\":\"ListItem\",\"position\":1,\"name\":\"Home\",\"item\":\"https:\/\/martensuniversity.com\/bridge-warm-up\/fr\/\"},{\"@type\":\"ListItem\",\"position\":2,\"name\":\"Contact\"}]}]}<\/script>\n<!-- \/ Yoast SEO plugin. -->","yoast_head_json":{"title":"Contact - Krzysztof Martens Bridge University","robots":{"index":"index","follow":"follow","max-snippet":"max-snippet:-1","max-image-preview":"max-image-preview:large","max-video-preview":"max-video-preview:-1"},"canonical":"https:\/\/martensuniversity.com\/bridge-warm-up\/fr\/contact\/","og_locale":"fr_FR","og_type":"article","og_title":"Contact - Krzysztof Martens Bridge University","og_description":"N&#8217;h\u00e9sitez pas \u00e0 nous contacter Krzysztof Martens Bridge University \u00a0 Stefana Batorego 26, 35-111 Rzesz\u00f3w Poland \u00c9crivez-nous un message","og_url":"https:\/\/martensuniversity.com\/bridge-warm-up\/fr\/contact\/","og_site_name":"Krzysztof Martens Bridge University","article_modified_time":"2023-07-31T17:23:02+00:00","author":"Dawid","twitter_card":"summary_large_image","twitter_misc":{"Dur\u00e9e de lecture estim\u00e9e":"1 minute"},"schema":{"@context":"https:\/\/schema.org","@graph":[{"@type":"WebSite","@id":"https:\/\/martensuniversity.com\/bridge-warm-up\/fr\/#website","url":"https:\/\/martensuniversity.com\/bridge-warm-up\/fr\/","name":"Krzysztof Martens Bridge University","description":"Bridge Intellectual","potentialAction":[{"@type":"SearchAction","target":{"@type":"EntryPoint","urlTemplate":"https:\/\/martensuniversity.com\/bridge-warm-up\/fr\/?s={search_term_string}"},"query-input":"required name=search_term_string"}],"inLanguage":"fr-FR"},{"@type":"WebPage","@id":"https:\/\/martensuniversity.com\/bridge-warm-up\/fr\/contact\/#webpage","url":"https:\/\/martensuniversity.com\/bridge-warm-up\/fr\/contact\/","name":"Contact - Krzysztof Martens Bridge University","isPartOf":{"@id":"https:\/\/martensuniversity.com\/bridge-warm-up\/fr\/#website"},"datePublished":"2022-05-04T07:54:58+00:00","dateModified":"2023-07-31T17:23:02+00:00","breadcrumb":{"@id":"https:\/\/martensuniversity.com\/bridge-warm-up\/fr\/contact\/#breadcrumb"},"inLanguage":"fr-FR","potentialAction":[{"@type":"ReadAction","target":["https:\/\/martensuniversity.com\/bridge-warm-up\/fr\/contact\/"]}]},{"@type":"BreadcrumbList","@id":"https:\/\/martensuniversity.com\/bridge-warm-up\/fr\/contact\/#breadcrumb","itemListElement":[{"@type":"ListItem","position":1,"name":"Home","item":"https:\/\/martensuniversity.com\/bridge-warm-up\/fr\/"},{"@type":"ListItem","position":2,"name":"Contact"}]}]}},"_links":{"self":[{"href":"https:\/\/martensuniversity.com\/bridge-warm-up\/fr\/wp-json\/wp\/v2\/pages\/2647"}],"collection":[{"href":"https:\/\/martensuniversity.com\/bridge-warm-up\/fr\/wp-json\/wp\/v2\/pages"}],"about":[{"href":"https:\/\/martensuniversity.com\/bridge-warm-up\/fr\/wp-json\/wp\/v2\/types\/page"}],"author":[{"embeddable":true,"href":"https:\/\/martensuniversity.com\/bridge-warm-up\/fr\/wp-json\/wp\/v2\/users\/1"}],"replies":[{"embeddable":true,"href":"https:\/\/martensuniversity.com\/bridge-warm-up\/fr\/wp-json\/wp\/v2\/comments?post=2647"}],"version-history":[{"count":25,"href":"https:\/\/martensuniversity.com\/bridge-warm-up\/fr\/wp-json\/wp\/v2\/pages\/2647\/revisions"}],"predecessor-version":[{"id":16692,"href":"https:\/\/martensuniversity.com\/bridge-warm-up\/fr\/wp-json\/wp\/v2\/pages\/2647\/revisions\/16692"}],"wp:attachment":[{"href":"https:\/\/martensuniversity.com\/bridge-warm-up\/fr\/wp-json\/wp\/v2\/media?parent=2647"}],"curies":[{"name":"wp","href":"https:\/\/api.w.org\/{rel}","templated":true}]}}