







{"id":5568,"date":"2022-05-10T11:03:49","date_gmt":"2022-05-10T11:03:49","guid":{"rendered":"https:\/\/martensuniversity.com\/bridge-warm-up\/fr\/?post_type=product&#038;p=5568"},"modified":"2025-04-11T15:01:10","modified_gmt":"2025-04-11T15:01:10","slug":"basic-intellectual-warm-up","status":"publish","type":"product","link":"https:\/\/martensuniversity.com\/bridge-warm-up\/fr\/product\/basic-intellectual-warm-up\/","title":{"rendered":"\u00c9chauffement intellectuel <nobr>de base<\/nobr> programme"},"content":{"rendered":"","protected":false},"excerpt":{"rendered":"<h2>A propos du niveau de base<\/h2>\n<p>Il s&#8217;agit d&#8217;une s\u00e9rie de probl\u00e8mes qui couvrent les domaines suivants:<\/p>\n<ul>\n<li>L\u2019entame<\/li>\n<li>Les probl\u00e8mes du tournoi par paires.<\/li>\n<li>La d\u00e9fense<\/li>\n<li>Jeu factice<\/li>\n<li>La pr\u00e9sence \u00e0 table<\/li>\n<li>Le jugement<\/li>\n<li>Sois malin<\/li>\n<\/ul>\n<h3>\u00c0 qui s&#8217;adresse-t-il?<\/h3>\n<p>Il s&#8217;adresse aux joueurs ayant peu ou pas d&#8217;exp\u00e9rience des tournois. Si tu es au d\u00e9but de ton parcours, ceci est pour toi.<\/p>\n<h3>Que contient-il?<\/h3>\n<p>Le niveau de base est divis\u00e9 en deux parties:<\/p>\n<ol>\n<li>La partie descriptive consiste en des histoires et des probl\u00e8mes qui ne se limitent pas \u00e0 la recherche d&#8217;une solution unique. Les participants au programme doivent planifier ici des s\u00e9quences d&#8217;actions qui leur permettront de remporter un contrat, ils devront identifier les bons motifs et trouver des solutions.<\/li>\n<li>Les parties test sont des collections de probl\u00e8mes \u00e0 r\u00e9soudre o\u00f9 les participants devront choisir une des options list\u00e9es. Chaque option a une valeur attribu\u00e9e de 0% \u00e0 100%, \u00e9videmment en fonction de notre \u00e9valuation. Lorsqu&#8217;un probl\u00e8me a \u00e9t\u00e9 r\u00e9solu, le programme informe le participant de son score en pourcentage pour ce probl\u00e8me particulier, de sa moyenne pour tous les probl\u00e8mes trait\u00e9s jusqu&#8217;\u00e0 pr\u00e9sent et de sa position dans le classement.<\/li>\n<\/ol>\n<h3>Le classement<\/h3>\n<p>Le classement est un r\u00e9sum\u00e9 des r\u00e9sultats de tous les participants au programme qui ont r\u00e9solu les probl\u00e8mes qu&#8217;un participant a trait\u00e9s jusqu&#8217;\u00e0 pr\u00e9sent et refl\u00e8te leur performance.<\/p>\n<h3>Certificat<\/h3>\n<p>A la fin de l&#8217;\u00e9chauffement intellectuel, les participants qui ont effectu\u00e9 toutes les sessions peuvent recevoir, s&#8217;ils le souhaitent, un certificat sp\u00e9cial de l&#8217;Universit\u00e9 Martens qui indiquera leur r\u00e9sultat en pourcentage et leur place dans le classement.<\/p>\n","protected":false},"featured_media":5581,"comment_status":"open","ping_status":"closed","template":"","meta":[],"product_cat":[153],"product_tag":[],"yoast_head":"<!-- This site is optimized with the Yoast SEO plugin v19.2 - https:\/\/yoast.com\/wordpress\/plugins\/seo\/ -->\n<title>\u00c9chauffement intellectuel de base programme - Krzysztof Martens Bridge University<\/title>\n<meta name=\"robots\" content=\"index, follow, max-snippet:-1, max-image-preview:large, max-video-preview:-1\" \/>\n<link rel=\"canonical\" href=\"https:\/\/martensuniversity.com\/bridge-warm-up\/fr\/product\/basic-intellectual-warm-up\/\" \/>\n<meta property=\"og:locale\" content=\"fr_FR\" \/>\n<meta property=\"og:type\" content=\"article\" \/>\n<meta property=\"og:title\" content=\"\u00c9chauffement intellectuel de base programme - Krzysztof Martens Bridge University\" \/>\n<meta property=\"og:description\" content=\"A propos du niveau de base Il s&#039;agit d&#039;une s\u00e9rie de probl\u00e8mes qui couvrent les domaines suivants:   L\u2019entame  Les probl\u00e8mes du tournoi par paires.  La d\u00e9fense  Jeu factice  La pr\u00e9sence \u00e0 table  Le jugement  Sois malin  \u00c0 qui s&#039;adresse-t-il? Il s&#039;adresse aux joueurs ayant peu ou pas d&#039;exp\u00e9rience des tournois. Si tu es au d\u00e9but de ton parcours, ceci est pour toi. Que contient-il? Le niveau de base est divis\u00e9 en deux parties:   La partie descriptive consiste en des histoires et des probl\u00e8mes qui ne se limitent pas \u00e0 la recherche d&#039;une solution unique. Les participants au programme doivent planifier ici des s\u00e9quences d&#039;actions qui leur permettront de remporter un contrat, ils devront identifier les bons motifs et trouver des solutions.  Les parties test sont des collections de probl\u00e8mes \u00e0 r\u00e9soudre o\u00f9 les participants devront choisir une des options list\u00e9es. Chaque option a une valeur attribu\u00e9e de 0% \u00e0 100%, \u00e9videmment en fonction de notre \u00e9valuation. Lorsqu&#039;un probl\u00e8me a \u00e9t\u00e9 r\u00e9solu, le programme informe le participant de son score en pourcentage pour ce probl\u00e8me particulier, de sa moyenne pour tous les probl\u00e8mes trait\u00e9s jusqu&#039;\u00e0 pr\u00e9sent et de sa position dans le classement.  Le classement Le classement est un r\u00e9sum\u00e9 des r\u00e9sultats de tous les participants au programme qui ont r\u00e9solu les probl\u00e8mes qu&#039;un participant a trait\u00e9s jusqu&#039;\u00e0 pr\u00e9sent et refl\u00e8te leur performance. Certificat A la fin de l&#039;\u00e9chauffement intellectuel, les participants qui ont effectu\u00e9 toutes les sessions peuvent recevoir, s&#039;ils le souhaitent, un certificat sp\u00e9cial de l&#039;Universit\u00e9 Martens qui indiquera leur r\u00e9sultat en pourcentage et leur place dans le classement.\" \/>\n<meta property=\"og:url\" content=\"https:\/\/martensuniversity.com\/bridge-warm-up\/fr\/product\/basic-intellectual-warm-up\/\" \/>\n<meta property=\"og:site_name\" content=\"Krzysztof Martens Bridge University\" \/>\n<meta property=\"article:modified_time\" content=\"2025-04-11T15:01:10+00:00\" \/>\n<meta property=\"og:image\" content=\"https:\/\/martensuniversity.com\/bridge-warm-up\/fr\/wp-content\/uploads\/2022\/05\/product-diamonds.jpg\" \/>\n\t<meta property=\"og:image:width\" content=\"800\" \/>\n\t<meta property=\"og:image:height\" content=\"800\" \/>\n\t<meta property=\"og:image:type\" content=\"image\/jpeg\" \/>\n<meta name=\"author\" content=\"Dawid\" \/>\n<meta name=\"twitter:card\" content=\"summary_large_image\" \/>\n<script type=\"application\/ld+json\" class=\"yoast-schema-graph\">{\"@context\":\"https:\/\/schema.org\",\"@graph\":[{\"@type\":\"WebSite\",\"@id\":\"https:\/\/martensuniversity.com\/bridge-warm-up\/fr\/#website\",\"url\":\"https:\/\/martensuniversity.com\/bridge-warm-up\/fr\/\",\"name\":\"Krzysztof Martens Bridge University\",\"description\":\"Bridge Intellectual\",\"potentialAction\":[{\"@type\":\"SearchAction\",\"target\":{\"@type\":\"EntryPoint\",\"urlTemplate\":\"https:\/\/martensuniversity.com\/bridge-warm-up\/fr\/?s={search_term_string}\"},\"query-input\":\"required name=search_term_string\"}],\"inLanguage\":\"fr-FR\"},{\"@type\":\"ImageObject\",\"inLanguage\":\"fr-FR\",\"@id\":\"https:\/\/martensuniversity.com\/bridge-warm-up\/fr\/product\/basic-intellectual-warm-up\/#primaryimage\",\"url\":\"https:\/\/martensuniversity.com\/bridge-warm-up\/fr\/wp-content\/uploads\/2022\/05\/product-diamonds.jpg\",\"contentUrl\":\"https:\/\/martensuniversity.com\/bridge-warm-up\/fr\/wp-content\/uploads\/2022\/05\/product-diamonds.jpg\",\"width\":800,\"height\":800},{\"@type\":\"WebPage\",\"@id\":\"https:\/\/martensuniversity.com\/bridge-warm-up\/fr\/product\/basic-intellectual-warm-up\/#webpage\",\"url\":\"https:\/\/martensuniversity.com\/bridge-warm-up\/fr\/product\/basic-intellectual-warm-up\/\",\"name\":\"\u00c9chauffement intellectuel de base programme - Krzysztof Martens Bridge University\",\"isPartOf\":{\"@id\":\"https:\/\/martensuniversity.com\/bridge-warm-up\/fr\/#website\"},\"primaryImageOfPage\":{\"@id\":\"https:\/\/martensuniversity.com\/bridge-warm-up\/fr\/product\/basic-intellectual-warm-up\/#primaryimage\"},\"datePublished\":\"2022-05-10T11:03:49+00:00\",\"dateModified\":\"2025-04-11T15:01:10+00:00\",\"breadcrumb\":{\"@id\":\"https:\/\/martensuniversity.com\/bridge-warm-up\/fr\/product\/basic-intellectual-warm-up\/#breadcrumb\"},\"inLanguage\":\"fr-FR\",\"potentialAction\":[{\"@type\":\"ReadAction\",\"target\":[\"https:\/\/martensuniversity.com\/bridge-warm-up\/fr\/product\/basic-intellectual-warm-up\/\"]}]},{\"@type\":\"BreadcrumbList\",\"@id\":\"https:\/\/martensuniversity.com\/bridge-warm-up\/fr\/product\/basic-intellectual-warm-up\/#breadcrumb\",\"itemListElement\":[{\"@type\":\"ListItem\",\"position\":1,\"name\":\"Home\",\"item\":\"https:\/\/martensuniversity.com\/bridge-warm-up\/fr\/\"},{\"@type\":\"ListItem\",\"position\":2,\"name\":\"Boutique\",\"item\":\"https:\/\/martensuniversity.com\/bridge-warm-up\/fr\/boutique\/\"},{\"@type\":\"ListItem\",\"position\":3,\"name\":\"\u00c9chauffement intellectuel de base programme\"}]}]}<\/script>\n<!-- \/ Yoast SEO plugin. -->","yoast_head_json":{"title":"\u00c9chauffement intellectuel de base programme - Krzysztof Martens Bridge University","robots":{"index":"index","follow":"follow","max-snippet":"max-snippet:-1","max-image-preview":"max-image-preview:large","max-video-preview":"max-video-preview:-1"},"canonical":"https:\/\/martensuniversity.com\/bridge-warm-up\/fr\/product\/basic-intellectual-warm-up\/","og_locale":"fr_FR","og_type":"article","og_title":"\u00c9chauffement intellectuel de base programme - Krzysztof Martens Bridge University","og_description":"A propos du niveau de base Il s'agit d'une s\u00e9rie de probl\u00e8mes qui couvrent les domaines suivants:   L\u2019entame  Les probl\u00e8mes du tournoi par paires.  La d\u00e9fense  Jeu factice  La pr\u00e9sence \u00e0 table  Le jugement  Sois malin  \u00c0 qui s'adresse-t-il? Il s'adresse aux joueurs ayant peu ou pas d'exp\u00e9rience des tournois. Si tu es au d\u00e9but de ton parcours, ceci est pour toi. Que contient-il? Le niveau de base est divis\u00e9 en deux parties:   La partie descriptive consiste en des histoires et des probl\u00e8mes qui ne se limitent pas \u00e0 la recherche d'une solution unique. Les participants au programme doivent planifier ici des s\u00e9quences d'actions qui leur permettront de remporter un contrat, ils devront identifier les bons motifs et trouver des solutions.  Les parties test sont des collections de probl\u00e8mes \u00e0 r\u00e9soudre o\u00f9 les participants devront choisir une des options list\u00e9es. Chaque option a une valeur attribu\u00e9e de 0% \u00e0 100%, \u00e9videmment en fonction de notre \u00e9valuation. Lorsqu'un probl\u00e8me a \u00e9t\u00e9 r\u00e9solu, le programme informe le participant de son score en pourcentage pour ce probl\u00e8me particulier, de sa moyenne pour tous les probl\u00e8mes trait\u00e9s jusqu'\u00e0 pr\u00e9sent et de sa position dans le classement.  Le classement Le classement est un r\u00e9sum\u00e9 des r\u00e9sultats de tous les participants au programme qui ont r\u00e9solu les probl\u00e8mes qu'un participant a trait\u00e9s jusqu'\u00e0 pr\u00e9sent et refl\u00e8te leur performance. Certificat A la fin de l'\u00e9chauffement intellectuel, les participants qui ont effectu\u00e9 toutes les sessions peuvent recevoir, s'ils le souhaitent, un certificat sp\u00e9cial de l'Universit\u00e9 Martens qui indiquera leur r\u00e9sultat en pourcentage et leur place dans le classement.","og_url":"https:\/\/martensuniversity.com\/bridge-warm-up\/fr\/product\/basic-intellectual-warm-up\/","og_site_name":"Krzysztof Martens Bridge University","article_modified_time":"2025-04-11T15:01:10+00:00","og_image":[{"width":800,"height":800,"url":"https:\/\/martensuniversity.com\/bridge-warm-up\/fr\/wp-content\/uploads\/2022\/05\/product-diamonds.jpg","type":"image\/jpeg"}],"author":"Dawid","twitter_card":"summary_large_image","schema":{"@context":"https:\/\/schema.org","@graph":[{"@type":"WebSite","@id":"https:\/\/martensuniversity.com\/bridge-warm-up\/fr\/#website","url":"https:\/\/martensuniversity.com\/bridge-warm-up\/fr\/","name":"Krzysztof Martens Bridge University","description":"Bridge Intellectual","potentialAction":[{"@type":"SearchAction","target":{"@type":"EntryPoint","urlTemplate":"https:\/\/martensuniversity.com\/bridge-warm-up\/fr\/?s={search_term_string}"},"query-input":"required name=search_term_string"}],"inLanguage":"fr-FR"},{"@type":"ImageObject","inLanguage":"fr-FR","@id":"https:\/\/martensuniversity.com\/bridge-warm-up\/fr\/product\/basic-intellectual-warm-up\/#primaryimage","url":"https:\/\/martensuniversity.com\/bridge-warm-up\/fr\/wp-content\/uploads\/2022\/05\/product-diamonds.jpg","contentUrl":"https:\/\/martensuniversity.com\/bridge-warm-up\/fr\/wp-content\/uploads\/2022\/05\/product-diamonds.jpg","width":800,"height":800},{"@type":"WebPage","@id":"https:\/\/martensuniversity.com\/bridge-warm-up\/fr\/product\/basic-intellectual-warm-up\/#webpage","url":"https:\/\/martensuniversity.com\/bridge-warm-up\/fr\/product\/basic-intellectual-warm-up\/","name":"\u00c9chauffement intellectuel de base programme - Krzysztof Martens Bridge University","isPartOf":{"@id":"https:\/\/martensuniversity.com\/bridge-warm-up\/fr\/#website"},"primaryImageOfPage":{"@id":"https:\/\/martensuniversity.com\/bridge-warm-up\/fr\/product\/basic-intellectual-warm-up\/#primaryimage"},"datePublished":"2022-05-10T11:03:49+00:00","dateModified":"2025-04-11T15:01:10+00:00","breadcrumb":{"@id":"https:\/\/martensuniversity.com\/bridge-warm-up\/fr\/product\/basic-intellectual-warm-up\/#breadcrumb"},"inLanguage":"fr-FR","potentialAction":[{"@type":"ReadAction","target":["https:\/\/martensuniversity.com\/bridge-warm-up\/fr\/product\/basic-intellectual-warm-up\/"]}]},{"@type":"BreadcrumbList","@id":"https:\/\/martensuniversity.com\/bridge-warm-up\/fr\/product\/basic-intellectual-warm-up\/#breadcrumb","itemListElement":[{"@type":"ListItem","position":1,"name":"Home","item":"https:\/\/martensuniversity.com\/bridge-warm-up\/fr\/"},{"@type":"ListItem","position":2,"name":"Boutique","item":"https:\/\/martensuniversity.com\/bridge-warm-up\/fr\/boutique\/"},{"@type":"ListItem","position":3,"name":"\u00c9chauffement intellectuel de base programme"}]}]}},"_links":{"self":[{"href":"https:\/\/martensuniversity.com\/bridge-warm-up\/fr\/wp-json\/wp\/v2\/product\/5568"}],"collection":[{"href":"https:\/\/martensuniversity.com\/bridge-warm-up\/fr\/wp-json\/wp\/v2\/product"}],"about":[{"href":"https:\/\/martensuniversity.com\/bridge-warm-up\/fr\/wp-json\/wp\/v2\/types\/product"}],"replies":[{"embeddable":true,"href":"https:\/\/martensuniversity.com\/bridge-warm-up\/fr\/wp-json\/wp\/v2\/comments?post=5568"}],"wp:featuredmedia":[{"embeddable":true,"href":"https:\/\/martensuniversity.com\/bridge-warm-up\/fr\/wp-json\/wp\/v2\/media\/5581"}],"wp:attachment":[{"href":"https:\/\/martensuniversity.com\/bridge-warm-up\/fr\/wp-json\/wp\/v2\/media?parent=5568"}],"wp:term":[{"taxonomy":"product_cat","embeddable":true,"href":"https:\/\/martensuniversity.com\/bridge-warm-up\/fr\/wp-json\/wp\/v2\/product_cat?post=5568"},{"taxonomy":"product_tag","embeddable":true,"href":"https:\/\/martensuniversity.com\/bridge-warm-up\/fr\/wp-json\/wp\/v2\/product_tag?post=5568"}],"curies":[{"name":"wp","href":"https:\/\/api.w.org\/{rel}","templated":true}]}}